{"id":3,"date":"2024-01-01T20:59:46","date_gmt":"2024-01-01T19:59:46","guid":{"rendered":"http:\/\/www.aikido-boncelles.be\/?page_id=3"},"modified":"2024-08-27T17:12:38","modified_gmt":"2024-08-27T15:12:38","slug":"politique-de-confidentialite","status":"publish","type":"page","link":"https:\/\/www.aikido-boncelles.be\/index.php\/politique-de-confidentialite\/","title":{"rendered":"Politique de confidentialit\u00e9"},"content":{"rendered":"\n<h2 class=\"wp-block-heading\">Qui sommes-nous&nbsp;?<\/h2>\n\n\n\n<p>L\u2019adresse de notre site est\u00a0: http:\/\/www.aikido-boncelles.be.<br><br>Le site est g\u00e9r\u00e9 par (ci-dessous appel\u00e9 \u00ab\u00a0nous\u00a0\u00bb ou \u00ab\u00a0Acad\u00e9mie\u00a0\u00bb):<br><\/p>\n\n\n\n<p>A.S.B.L Acad\u00e9mie d\u2019Aikido Sankakuta\u00ef<br>BCE 0874.974.444<br>Rue de l\u2019\u00e9glise 13<br>4100 Boncelles<br>Belgique<\/p>\n\n\n\n<h2 class=\"wp-block-heading\">Consentement<\/h2>\n\n\n\n<p>Lors de l\u2019utilisation du site, l\u2019utilisateur d\u00e9clare avoir pris connaissance et donn\u00e9 son accord au traitement des donn\u00e9es \u00e0 caract\u00e8re personnel le concernant.<\/p>\n\n\n\n<p>Le consentement est d\u00e9fini par l\u2019utilisateur cochant la case d\u2019acceptation de la Politique de confidentialit\u00e9 (celle-ci accessible via un lien hypertexte). Cette case appara\u00eet lorsque l\u2019utilisateur effectue certaines actions sur le site qui n\u00e9cessite l\u2019acceptation de la Politique de confidentialit\u00e9 ou pour permettre \u00e0 l\u2019utilisateur d\u2019entrer en relation contractuelle avec nous.<\/p>\n\n\n\n<h2 class=\"wp-block-heading\">Traitement des donn\u00e9es personnelles<\/h2>\n\n\n\n<p>Toute utilisation du site pourra entra\u00eener la communication de donn\u00e9es personnelles. Les donn\u00e9es r\u00e9colt\u00e9es le sont pour nous aider \u00e0 la d\u00e9tection de messages ind\u00e9sirables, pour des raisons administratives ou pour des raisons l\u00e9gales.<\/p>\n\n\n\n<p>Lors de l\u2019utilisation du site, l\u2019utilisateur consent \u00e0 ce que les gestionnaires du site recueille et traite les donn\u00e9es \u00e0 caract\u00e8re personnel suivantes : Nom, Pr\u00e9nom, adresse e-mail, num\u00e9ro de t\u00e9l\u00e9phone.<\/p>\n\n\n\n<h2 class=\"wp-block-heading\">Formulaire<\/h2>\n\n\n\n<p>Quand vous \u00e9crivez un message via notre site, les donn\u00e9es inscrites dans le formulaire sont collect\u00e9s pour nous aider \u00e0 la d\u00e9tection de messages ind\u00e9sirables.<\/p>\n\n\n\n<h2 class=\"wp-block-heading\">Cookies<\/h2>\n\n\n\n<p>\u00c0 ce jour, le site n\u2019utilise aucun cookie.<\/p>\n\n\n\n<h2 class=\"wp-block-heading\">Contenu embarqu\u00e9 depuis d\u2019autres sites<\/h2>\n\n\n\n<p>Ce site peuvent inclure des contenus int\u00e9gr\u00e9s (par exemple des vid\u00e9os, images, articles\u2026). Le contenu int\u00e9gr\u00e9 depuis d\u2019autres sites se comporte de la m\u00eame mani\u00e8re que si le visiteur se rendait sur cet autre site.<\/p>\n\n\n\n<p>Ces sites web pourraient collecter des donn\u00e9es sur vous, utiliser des cookies, embarquer des outils de suivis tiers, suivre vos interactions avec ces contenus embarqu\u00e9s si vous disposez d\u2019un compte connect\u00e9 sur leur site web.<\/p>\n\n\n\n<h2 class=\"wp-block-heading\">Liens hypertextes<\/h2>\n\n\n\n<p>Ce site peut contenir des liens hypertextes redirigeant vers d\u2019autres sites. N\u00e9anmoins, nous ne disposons pas de la possibilit\u00e9 de suivre et de v\u00e9rifier le contenu de ces sites. En cons\u00e9quence nous d\u00e9clinons toute responsabilit\u00e9 \u00e0 cet \u00e9gard.<\/p>\n\n\n\n<h2 class=\"wp-block-heading\">Dur\u00e9es de stockage de vos donn\u00e9es<\/h2>\n\n\n\n<p>Si vous laissez un message, le message et ses m\u00e9tadonn\u00e9es sont conserv\u00e9s ind\u00e9finiment. Nous stockons aussi vos informations personnelles indiqu\u00e9e dans le formulaire. Vous pouvez \u00e0 tout moment demander \u00e0 voir, modifier ou supprimer ces informations. Les gestionnaires du site peuvent aussi voir et modifier ces informations.<\/p>\n\n\n\n<h2 class=\"wp-block-heading\">Les droits que vous avez sur vos donn\u00e9es<\/h2>\n\n\n\n<p>Vous pouvez demander \u00e0 recevoir un fichier contenant toutes les donn\u00e9es personnelles que nous poss\u00e9dons \u00e0 votre sujet, incluant celles que vous nous avez fournies. Vous pouvez \u00e9galement demander la suppression des donn\u00e9es personnelles vous concernant. Cela ne prend pas en compte les donn\u00e9es stock\u00e9es \u00e0 des fins administratives, l\u00e9gales ou pour des raisons de s\u00e9curit\u00e9.<\/p>\n\n\n\n<h2 class=\"wp-block-heading\">Droit applicable et juridiction comp\u00e9tente<\/h2>\n\n\n\n<p>La pr\u00e9sente Politique de confidentialit\u00e9 est exclusivement r\u00e9gie par le droit belge. Tout litige sera port\u00e9 devant les tribunaux de Li\u00e8ge.<\/p>\n\n\n\n<h2 class=\"wp-block-heading\">Contact<\/h2>\n\n\n\n<p>Pour toute question ou r\u00e9clamation relative \u00e0 la pr\u00e9sente Politique de confidentialit\u00e9, vous pouvez nous contactez via : <a href=\"mailto:alexwalnier@gmail.com\">alexwalnier@gmail.com<\/a><\/p>\n","protected":false},"excerpt":{"rendered":"<p>Qui sommes-nous&nbsp;? L\u2019adresse de notre site est\u00a0: http:\/\/www.aikido-boncelles.be. Le site est g\u00e9r\u00e9 par (ci-dessous appel\u00e9 \u00ab\u00a0nous\u00a0\u00bb ou \u00ab\u00a0Acad\u00e9mie\u00a0\u00bb): A.S.B.L Acad\u00e9mie d\u2019Aikido Sankakuta\u00efBCE 0874.974.444Rue de l\u2019\u00e9glise 134100 BoncellesBelgique Consentement Lors de l\u2019utilisation du site, l\u2019utilisateur d\u00e9clare avoir pris connaissance et donn\u00e9 son accord au traitement des donn\u00e9es \u00e0 caract\u00e8re personnel le concernant. Le consentement est d\u00e9fini [&hellip;]<\/p>\n","protected":false},"author":1,"featured_media":0,"parent":0,"menu_order":0,"comment_status":"closed","ping_status":"open","template":"","meta":{"_themeisle_gutenberg_block_has_review":false,"footnotes":""},"class_list":["post-3","page","type-page","status-publish","hentry"],"_links":{"self":[{"href":"https:\/\/www.aikido-boncelles.be\/index.php\/wp-json\/wp\/v2\/pages\/3","targetHints":{"allow":["GET"]}}],"collection":[{"href":"https:\/\/www.aikido-boncelles.be\/index.php\/wp-json\/wp\/v2\/pages"}],"about":[{"href":"https:\/\/www.aikido-boncelles.be\/index.php\/wp-json\/wp\/v2\/types\/page"}],"author":[{"embeddable":true,"href":"https:\/\/www.aikido-boncelles.be\/index.php\/wp-json\/wp\/v2\/users\/1"}],"replies":[{"embeddable":true,"href":"https:\/\/www.aikido-boncelles.be\/index.php\/wp-json\/wp\/v2\/comments?post=3"}],"version-history":[{"count":2,"href":"https:\/\/www.aikido-boncelles.be\/index.php\/wp-json\/wp\/v2\/pages\/3\/revisions"}],"predecessor-version":[{"id":235,"href":"https:\/\/www.aikido-boncelles.be\/index.php\/wp-json\/wp\/v2\/pages\/3\/revisions\/235"}],"wp:attachment":[{"href":"https:\/\/www.aikido-boncelles.be\/index.php\/wp-json\/wp\/v2\/media?parent=3"}],"curies":[{"name":"wp","href":"https:\/\/api.w.org\/{rel}","templated":true}]}}