{"id":81,"date":"2024-01-04T11:05:24","date_gmt":"2024-01-04T10:05:24","guid":{"rendered":"http:\/\/www.aikido-boncelles.be\/?page_id=81"},"modified":"2024-12-05T16:56:18","modified_gmt":"2024-12-05T15:56:18","slug":"portrait","status":"publish","type":"page","link":"https:\/\/www.aikido-boncelles.be\/index.php\/portrait\/","title":{"rendered":"Professeurs"},"content":{"rendered":"\n<ul class=\"wp-block-list\">\n<li>Professeur principal (Dojo-Cho) : Alex Walnier (5e Dan A\u00efkika\u00ef et AFA), prof EPS.<\/li>\n\n\n\n<li>Professeurs adjoints : Fanny Rousseaux (4e Dan A\u00efkika\u00ef et AFA), Jean-Michel Rousseaux (3e Dan A\u00efkika\u00ef et AFA), Thomas Carrozzo (2e Dan A\u00efkika\u00ef et AFA), Vincent Bourguignon (2e Dan A\u00efkika\u00ef et AFA).<\/li>\n<\/ul>\n\n\n\n<p>N&rsquo;h\u00e9sitez pas \u00e0 visiter le site d\u2019Alex Walnier pour tout savoir sur ses d\u00e9placements et autres :<\/p>\n\n\n\n<div class=\"wp-block-buttons is-layout-flex wp-block-buttons-is-layout-flex\">\n<div class=\"wp-block-button is-style-fill\"><a class=\"wp-block-button__link wp-element-button\" href=\"http:\/\/alexwalnier.com\">Alex Walnier<\/a><\/div>\n<\/div>\n","protected":false},"excerpt":{"rendered":"<p>N&rsquo;h\u00e9sitez pas \u00e0 visiter le site d\u2019Alex Walnier pour tout savoir sur ses d\u00e9placements et autres :<\/p>\n","protected":false},"author":1,"featured_media":0,"parent":0,"menu_order":0,"comment_status":"closed","ping_status":"closed","template":"","meta":{"_themeisle_gutenberg_block_has_review":false,"footnotes":""},"class_list":["post-81","page","type-page","status-publish","hentry"],"_links":{"self":[{"href":"https:\/\/www.aikido-boncelles.be\/index.php\/wp-json\/wp\/v2\/pages\/81","targetHints":{"allow":["GET"]}}],"collection":[{"href":"https:\/\/www.aikido-boncelles.be\/index.php\/wp-json\/wp\/v2\/pages"}],"about":[{"href":"https:\/\/www.aikido-boncelles.be\/index.php\/wp-json\/wp\/v2\/types\/page"}],"author":[{"embeddable":true,"href":"https:\/\/www.aikido-boncelles.be\/index.php\/wp-json\/wp\/v2\/users\/1"}],"replies":[{"embeddable":true,"href":"https:\/\/www.aikido-boncelles.be\/index.php\/wp-json\/wp\/v2\/comments?post=81"}],"version-history":[{"count":13,"href":"https:\/\/www.aikido-boncelles.be\/index.php\/wp-json\/wp\/v2\/pages\/81\/revisions"}],"predecessor-version":[{"id":291,"href":"https:\/\/www.aikido-boncelles.be\/index.php\/wp-json\/wp\/v2\/pages\/81\/revisions\/291"}],"wp:attachment":[{"href":"https:\/\/www.aikido-boncelles.be\/index.php\/wp-json\/wp\/v2\/media?parent=81"}],"curies":[{"name":"wp","href":"https:\/\/api.w.org\/{rel}","templated":true}]}}